{"id":713,"date":"2020-06-01T12:43:22","date_gmt":"2020-06-01T10:43:22","guid":{"rendered":"http:\/\/ksagros.pl\/?page_id=713"},"modified":"2021-10-27T08:14:16","modified_gmt":"2021-10-27T06:14:16","slug":"zawodnicy","status":"publish","type":"page","link":"https:\/\/ksagros.pl\/index.php\/zawodnicy\/","title":{"rendered":"Zawodnicy"},"content":{"rendered":"\n<h2 class=\"wp-block-heading\">Zawodnicy naszego klubu.<\/h2>\n\n\n\n<p>Aktualnie trenuj\u0105cy:<\/p>\n\n\n\n<ol class=\"wp-block-list\"><li><strong>Dominik Kope\u0107<\/strong> \u2013 Lekka atletyka<\/li><li><strong>Arkadiusz Rogowski<\/strong> \u2013 Lekka atletyka<\/li><li><strong>Aleksandra \u015amiech<\/strong> \u2013 Lekka atletyka<\/li><li><strong>Monika Romaszko<\/strong> \u2013 Lekka atletyka<\/li><li><strong>Agnieszka Kuczmaszewska<\/strong> \u2013 Podnoszenie ci\u0119\u017car\u00f3w<\/li><li><strong>Ewelina Czop<\/strong> \u2013 Podnoszenie ci\u0119\u017car\u00f3w<\/li><li><strong>Emilia Rechul<\/strong> \u2013 Podnoszenie ci\u0119\u017car\u00f3w<\/li><li><strong>Karol Maksymowicz<\/strong> \u2013 Podnoszenie ci\u0119\u017car\u00f3w<\/li><li><strong>Jakub Lewoszewski<\/strong> \u2013 Lekka atletyka<\/li><li><strong>Julia Oberda<\/strong> \u2013 \u0141ucznictwo<\/li><li><strong>Anna Ferens<\/strong> \u2013 \u0141ucznictwo<\/li><li><strong>Micha\u0142 Mazur<\/strong> \u2013 Lekka atletyka<\/li><li><strong>Patryk Krupa<\/strong> \u2013 Lekka atletyka<\/li><li><strong>Wiktoria \u0141uczak<\/strong> \u2013 Lekka atletyka<\/li><li><strong>Klaudia Luterek<\/strong> \u2013 Podnoszenie ci\u0119\u017car\u00f3w<\/li><li><strong>Maksymilian Dorn<\/strong> \u2013 Podnoszenie ci\u0119\u017car\u00f3w<\/li><li><strong>Agata Sa\u0142amacha<\/strong> \u2013 Podnoszenie ci\u0119\u017car\u00f3w<\/li><li><strong>Andrzej Jaros<\/strong> \u2013 Lekka atletyk obecnie AZS UMCS<\/li><li><strong>Ma\u0142gorzata Ko\u0142dej<\/strong> \u2013 Lekka atletyka obecnie AZS UMCS Lublin<\/li><li><strong>Miros\u0142aw Cezary<\/strong> \u2013 obecnie AZS UMCS<\/li><li><strong>Mateusz Rajtak<\/strong> \u2013 Kolarstwo obecnie Mostostal Pu\u0142awy<\/li><li><strong>Bart\u0142omiej Pro\u0107<\/strong> \u2013 Kolarstwo<\/li><\/ol>\n\n\n\n<p>Byli zawodnicy:<\/p>\n\n\n\n<ol class=\"wp-block-list\"><li>Pawe\u0142 Fajdek \u2013 Lekka atletyka (rzut m\u0142otem) obecnie AZS AWF Katowice<\/li><li>Andrzej Ne\u015bcior \u2013 \u0141ucznictwo<\/li><li>Dorota Gruca \u2013 Lekka atletyka (biegi d\u0142ugie)<\/li><li>Anna Jakubczak \u2013 Pawelec \u2013 Lekka atletyka (biegi \u015brednie)<\/li><li>Izabela Kostruba \u2013 R\u00f3j \u2013 Lekka atletyka<\/li><li>Katarzyna Kita \u2013 Lekka atletyka (rzut m\u0142otem)<\/li><li>S\u0142awomir Cielica \u2013 Lekka atletyka (ch\u00f3d sportowy)<\/li><li>Mariusz \u0141o\u015b \u2013 Zapasy<\/li><li>Izabela Orszewska (z domu Nikitiuk) \u2013 \u0141ucznictwo<\/li><li>Aleksandra Jakubczak \u2013 Lekka atletyka (biegi d\u0142ugie)<\/li><li>Magda Wronka \u2013 Lekka atletyka<\/li><li>Maria Marczak \u2013 Peresada \u2013 \u0141ucznictwo<\/li><li>Rados\u0142aw Wasilewski \u2013 Kolarstwo<\/li><li>Beata Wiater (z domu Osoba) \u2013 \u0141ucznictwo<\/li><li>Konrad Partyka \u2013 Lekka atletyka<\/li><li>Miros\u0142aw S\u0105dej \u2013 Lekka atletyka<\/li><li>Tomasz Smolarczyk \u2013 Lekka atletyka<\/li><li>Rados\u0142aw J\u0119drzejewski \u2013 Lekka atletyka (skok w dal)<\/li><li>Marcin K\u0142oda \u2013 \u0141ucznictwo<\/li><li>Szymon Kiecana \u2013 Lekka atletyka (skok wzwy\u017c)<\/li><\/ol>\n","protected":false},"excerpt":{"rendered":"<p>Zawodnicy naszego klubu. Aktualnie trenuj\u0105cy: Dominik Kope\u0107 \u2013 Lekka atletyka Arkadiusz Rogowski \u2013 Lekka atletyka Aleksandra \u015amiech \u2013 Lekka atletyka Monika Romaszko \u2013 Lekka atletyka Agnieszka Kuczmaszewska \u2013 Podnoszenie ci\u0119\u017car\u00f3w Ewelina Czop \u2013 Podnoszenie ci\u0119\u017car\u00f3w Emilia Rechul \u2013 Podnoszenie ci\u0119\u017car\u00f3w Karol Maksymowicz \u2013 Podnoszenie ci\u0119\u017car\u00f3w Jakub Lewoszewski \u2013 Lekka atletyka Julia Oberda \u2013 \u0141ucznictwo Anna [&hellip;]<\/p>\n","protected":false},"author":1,"featured_media":0,"parent":0,"menu_order":0,"comment_status":"closed","ping_status":"closed","template":"","meta":{"footnotes":""},"class_list":["post-713","page","type-page","status-publish","czr-hentry"],"_links":{"self":[{"href":"https:\/\/ksagros.pl\/index.php\/wp-json\/wp\/v2\/pages\/713","targetHints":{"allow":["GET"]}}],"collection":[{"href":"https:\/\/ksagros.pl\/index.php\/wp-json\/wp\/v2\/pages"}],"about":[{"href":"https:\/\/ksagros.pl\/index.php\/wp-json\/wp\/v2\/types\/page"}],"author":[{"embeddable":true,"href":"https:\/\/ksagros.pl\/index.php\/wp-json\/wp\/v2\/users\/1"}],"replies":[{"embeddable":true,"href":"https:\/\/ksagros.pl\/index.php\/wp-json\/wp\/v2\/comments?post=713"}],"version-history":[{"count":6,"href":"https:\/\/ksagros.pl\/index.php\/wp-json\/wp\/v2\/pages\/713\/revisions"}],"predecessor-version":[{"id":2404,"href":"https:\/\/ksagros.pl\/index.php\/wp-json\/wp\/v2\/pages\/713\/revisions\/2404"}],"wp:attachment":[{"href":"https:\/\/ksagros.pl\/index.php\/wp-json\/wp\/v2\/media?parent=713"}],"curies":[{"name":"wp","href":"https:\/\/api.w.org\/{rel}","templated":true}]}}