{"id":53,"date":"2019-11-30T13:56:12","date_gmt":"2019-11-30T12:56:12","guid":{"rendered":"http:\/\/ksagros.pl\/?page_id=53"},"modified":"2025-09-19T16:14:27","modified_gmt":"2025-09-19T14:14:27","slug":"kadra-trenerska","status":"publish","type":"page","link":"https:\/\/ksagros.pl\/index.php\/kadra-trenerska\/","title":{"rendered":"Kadra trenerska"},"content":{"rendered":"\n<p><mark style=\"background-color:rgba(0, 0, 0, 0)\" class=\"has-inline-color has-vivid-red-color\"> <\/mark><\/p>\n\n\n\n<p>LEKKOALETYKA<\/p>\n\n\n\n<p><strong>Andrzej Gda\u0144ski<\/strong> tel. 603 593 445<\/p>\n\n\n\n<p><strong>Wojciech Bikowski<\/strong> tel. 604 966 409<\/p>\n\n\n\n<p><strong>Dariusz Kuzdra<\/strong> tel. 694 575 155<\/p>\n\n\n\n<p><strong>Przemys\u0142aw Kuzdra<\/strong> tel. 662 672 634<\/p>\n\n\n\n<p><strong>Janusz Stryjewski<\/strong> tel. 504 899 315<\/p>\n\n\n\n<p><strong>Krzysztof Danilewicz<\/strong> tel. 512 167 265<\/p>\n\n\n\n<p><strong>PODNOSZENIE CI\u0118\u017bAR\u00d3W<\/strong><\/p>\n\n\n\n<p><strong>Andrzej Gawe\u0142<\/strong> tel. 724 510 799<\/p>\n\n\n\n<p><strong>Bart\u0142omiej Kobel <\/strong>tel. 733 248 036<\/p>\n\n\n\n<p><strong>\u0141UCZNICTWO<\/strong><\/p>\n\n\n\n<p><strong>Julia Oberda <\/strong>tel. 722 050 007<\/p>\n\n\n\n<p><strong>KOLARSTWO<\/strong><\/p>\n\n\n\n<p><strong>Pawe\u0142 &nbsp;Raczy\u0144ski<\/strong> tel. 505 424 559<\/p>\n\n\n\n<p><strong>ZAPASY<\/strong> \/<strong>SUMO<\/strong><\/p>\n\n\n\n<p><strong>Daniel Chwastek<\/strong> tel. 606 375&nbsp;234<\/p>\n\n\n\n<p><\/p>\n","protected":false},"excerpt":{"rendered":"<p>LEKKOALETYKA Andrzej Gda\u0144ski tel. 603 593 445 Wojciech Bikowski tel. 604 966 409 Dariusz Kuzdra tel. 694 575 155 Przemys\u0142aw Kuzdra tel. 662 672 634 Janusz Stryjewski tel. 504 899 315 Krzysztof Danilewicz tel. 512 167 265 PODNOSZENIE CI\u0118\u017bAR\u00d3W Andrzej Gawe\u0142 tel. 724 510 799 Bart\u0142omiej Kobel tel. 733 248 036 \u0141UCZNICTWO Julia Oberda tel. [&hellip;]<\/p>\n","protected":false},"author":1,"featured_media":257,"parent":0,"menu_order":0,"comment_status":"closed","ping_status":"closed","template":"elementor_header_footer","meta":{"footnotes":""},"class_list":["post-53","page","type-page","status-publish","has-post-thumbnail","czr-hentry"],"_links":{"self":[{"href":"https:\/\/ksagros.pl\/index.php\/wp-json\/wp\/v2\/pages\/53","targetHints":{"allow":["GET"]}}],"collection":[{"href":"https:\/\/ksagros.pl\/index.php\/wp-json\/wp\/v2\/pages"}],"about":[{"href":"https:\/\/ksagros.pl\/index.php\/wp-json\/wp\/v2\/types\/page"}],"author":[{"embeddable":true,"href":"https:\/\/ksagros.pl\/index.php\/wp-json\/wp\/v2\/users\/1"}],"replies":[{"embeddable":true,"href":"https:\/\/ksagros.pl\/index.php\/wp-json\/wp\/v2\/comments?post=53"}],"version-history":[{"count":23,"href":"https:\/\/ksagros.pl\/index.php\/wp-json\/wp\/v2\/pages\/53\/revisions"}],"predecessor-version":[{"id":5102,"href":"https:\/\/ksagros.pl\/index.php\/wp-json\/wp\/v2\/pages\/53\/revisions\/5102"}],"wp:featuredmedia":[{"embeddable":true,"href":"https:\/\/ksagros.pl\/index.php\/wp-json\/wp\/v2\/media\/257"}],"wp:attachment":[{"href":"https:\/\/ksagros.pl\/index.php\/wp-json\/wp\/v2\/media?parent=53"}],"curies":[{"name":"wp","href":"https:\/\/api.w.org\/{rel}","templated":true}]}}