{"id":325,"date":"2020-02-25T15:54:02","date_gmt":"2020-02-25T14:54:02","guid":{"rendered":"http:\/\/ksagros.pl\/?page_id=325"},"modified":"2020-02-25T15:54:55","modified_gmt":"2020-02-25T14:54:55","slug":"pawel-fajdek-czterokrotny-mistrz-swiata-w-rzucie-mlotem","status":"publish","type":"page","link":"https:\/\/ksagros.pl\/index.php\/pawel-fajdek-czterokrotny-mistrz-swiata-w-rzucie-mlotem\/","title":{"rendered":"Pawe\u0142 Fajdek &#8211; Czterokrotny mistrz \u015bwiata w rzucie m\u0142otem"},"content":{"rendered":"","protected":false},"excerpt":{"rendered":"","protected":false},"author":2,"featured_media":0,"parent":0,"menu_order":0,"comment_status":"closed","ping_status":"closed","template":"","meta":{"footnotes":""},"class_list":["post-325","page","type-page","status-publish","czr-hentry"],"_links":{"self":[{"href":"https:\/\/ksagros.pl\/index.php\/wp-json\/wp\/v2\/pages\/325","targetHints":{"allow":["GET"]}}],"collection":[{"href":"https:\/\/ksagros.pl\/index.php\/wp-json\/wp\/v2\/pages"}],"about":[{"href":"https:\/\/ksagros.pl\/index.php\/wp-json\/wp\/v2\/types\/page"}],"author":[{"embeddable":true,"href":"https:\/\/ksagros.pl\/index.php\/wp-json\/wp\/v2\/users\/2"}],"replies":[{"embeddable":true,"href":"https:\/\/ksagros.pl\/index.php\/wp-json\/wp\/v2\/comments?post=325"}],"version-history":[{"count":1,"href":"https:\/\/ksagros.pl\/index.php\/wp-json\/wp\/v2\/pages\/325\/revisions"}],"predecessor-version":[{"id":326,"href":"https:\/\/ksagros.pl\/index.php\/wp-json\/wp\/v2\/pages\/325\/revisions\/326"}],"wp:attachment":[{"href":"https:\/\/ksagros.pl\/index.php\/wp-json\/wp\/v2\/media?parent=325"}],"curies":[{"name":"wp","href":"https:\/\/api.w.org\/{rel}","templated":true}]}}